{"id":89,"date":"2020-08-26T12:18:08","date_gmt":"2020-08-26T09:18:08","guid":{"rendered":"https:\/\/hirbovat.md\/?page_id=89"},"modified":"2021-08-25T11:29:04","modified_gmt":"2021-08-25T08:29:04","slug":"strategia-de-dezvoltare-a-s-hirbovat","status":"publish","type":"page","link":"https:\/\/hirbovat.md\/en\/strategia-de-dezvoltare-a-s-hirbovat\/","title":{"rendered":"Strategia de dezvoltare a s. H\u00eerbov\u0103\u0163"},"content":{"rendered":"<p class=\"qtranxs-available-languages-message qtranxs-available-languages-message-en\">Sorry, this entry is only available in <a href=\"https:\/\/hirbovat.md\/ro\/wp-json\/wp\/v2\/pages\/89\" class=\"qtranxs-available-language-link qtranxs-available-language-link-ro\" title=\"Rom\u00e2n\u0103\">Rom\u00e2n\u0103<\/a>.<\/p>","protected":false},"excerpt":{"rendered":"<p>Sorry, this entry is only available in Rom\u00e2n\u0103.<\/p>\n","protected":false},"author":2,"featured_media":0,"parent":0,"menu_order":0,"comment_status":"closed","ping_status":"closed","template":"","meta":{"inline_featured_image":false,"footnotes":""},"class_list":["post-89","page","type-page","status-publish","hentry"],"_links":{"self":[{"href":"https:\/\/hirbovat.md\/en\/wp-json\/wp\/v2\/pages\/89","targetHints":{"allow":["GET"]}}],"collection":[{"href":"https:\/\/hirbovat.md\/en\/wp-json\/wp\/v2\/pages"}],"about":[{"href":"https:\/\/hirbovat.md\/en\/wp-json\/wp\/v2\/types\/page"}],"author":[{"embeddable":true,"href":"https:\/\/hirbovat.md\/en\/wp-json\/wp\/v2\/users\/2"}],"replies":[{"embeddable":true,"href":"https:\/\/hirbovat.md\/en\/wp-json\/wp\/v2\/comments?post=89"}],"version-history":[{"count":3,"href":"https:\/\/hirbovat.md\/en\/wp-json\/wp\/v2\/pages\/89\/revisions"}],"predecessor-version":[{"id":204,"href":"https:\/\/hirbovat.md\/en\/wp-json\/wp\/v2\/pages\/89\/revisions\/204"}],"wp:attachment":[{"href":"https:\/\/hirbovat.md\/en\/wp-json\/wp\/v2\/media?parent=89"}],"curies":[{"name":"wp","href":"https:\/\/api.w.org\/{rel}","templated":true}]}}